{"id":455,"date":"2022-01-03T13:52:25","date_gmt":"2022-01-03T12:52:25","guid":{"rendered":"https:\/\/ipporta.be\/?page_id=455"},"modified":"2022-01-20T13:02:24","modified_gmt":"2022-01-20T12:02:24","slug":"cookie-policy","status":"publish","type":"page","link":"https:\/\/ipporta.be\/fr\/cookie-policy\/","title":{"rendered":"Politique de cookies"},"content":{"rendered":"<div id=\"fws_69d28af6ab754\"  data-column-margin=\"default\" data-midnight=\"dark\"  class=\"wpb_row vc_row-fluid vc_row\"  style=\"padding-top: 0px; padding-bottom: 0px; \"><div class=\"row-bg-wrap\" data-bg-animation=\"none\" data-bg-overlay=\"false\"><div class=\"inner-wrap\"><div class=\"row-bg\"  style=\"\"><\/div><\/div><\/div><div class=\"row_col_wrap_12 col span_12 dark left\">\n\t<div  class=\"vc_col-sm-8 wpb_column column_container vc_column_container col no-extra-padding inherit_tablet inherit_phone\"  data-padding-pos=\"all\" data-has-bg-color=\"false\" data-bg-color=\"\" data-bg-opacity=\"1\" data-animation=\"\" data-delay=\"0\" >\n\t\t<div class=\"vc_column-inner\" >\n\t\t\t<div class=\"wpb_wrapper\">\n\t\t\t\t\r\n<div class=\"wpb_text_column wpb_content_element\" >\r\n\t<div class=\"wpb_wrapper\">\r\n\t\t<h1 class=\"wp-block-heading\" style=\"margin-top: 40px;\">Politique de cookies<\/h1>\n<p class=\"p3\" style=\"margin-top: 80px;\">Le gestionnaire de ce site web est la soci\u00e9t\u00e9 sans personnalit\u00e9 juridique Ongena-Hubert, d\u00e9nomm\u00e9e IP Porta :<\/p>\n<p class=\"p5\"><b>IP Porta<span class=\"Apple-converted-space\"><br \/><\/span><\/b>Kortrijksesteenweg 127 bus 2<br \/>BE-9830 Sint-Martens-Latem<span class=\"Apple-converted-space\"><br \/><\/span>BE0829.555.975<br \/>RPR\/RPM Gent<\/p>\n<p>Ci-apr\u00e8s, nous faisons r\u00e9f\u00e9rence \u00e0 IP Porta en tant que \u00ab\u00a0nous\u00a0\u00bb, \u00ab\u00a0notre\u00a0\u00bb ou \u00ab\u00a0IP Porta\u00a0\u00bb.<\/p>\n<p>Dans cette politique de cookies, nous vous apportons plus d\u2019informations sur les types de cookies que nous utilisons sur notre site web, leur finalit\u00e9 et \u00e9ch\u00e9ance, et si le visiteur a le droit ou non de refuser ces cookies.<\/p>\n<p>\u00c9tant donn\u00e9 que les cookies peuvent contenir des donn\u00e9es personnelles, la pr\u00e9sente politique en mati\u00e8re de cookies doit \u00eatre lue avec notre <a href=\"https:\/\/ipporta.be\/fr\/privacy-policy\/\">politique de vie priv\u00e9e<\/a>. Le traitement des donn\u00e9es personnelles est soumis au R\u00e8glement (UE) 2016\/679 du Parlement europ\u00e9en et du Conseil du 27 avril 2016 relatif \u00e0 la protection des personnes physiques \u00e0 l'\u00e9gard du traitement des donn\u00e9es \u00e0 caract\u00e8re personnel et \u00e0 la libre circulation de ces donn\u00e9es, et abrogeant la directive 95\/46\/CE (\u00ab\u00a0RGPD\u00a0\u00bb).<\/p>\n<h3 style=\"margin-top: 40px;\"><b>I. Que sont les cookies ?<br \/><\/b><\/h3>\n<p style=\"margin-top: 24px;\">En tant que propri\u00e9taire de ce site Internet, IP Porta utilise ce qu\u2019on appelle des \u00ab cookies \u00bb. Les cookies sont des petits fichiers de donn\u00e9es ou de texte install\u00e9s sur l\u2019ordinateur ou l\u2019appareil mobile lorsque vous visitez un site Internet ou utilisez une application (mobile), \u00e0 la suite de quoi certaines informations d\u2019utilisation sont enregistr\u00e9es. Ils permettent au site web de reconna\u00eetre votre navigateur lorsque vous le visitez et contribuent ainsi \u00e0 faciliter votre exp\u00e9rience utilisateur. Les cookies permettent de stocker certaines informations et de rendre op\u00e9rationnelles certaines fonctionnalit\u00e9s de notre site web.<\/p>\n<p>Les cookies install\u00e9s sur votre ordinateur ou votre appareil mobile sont g\u00e9r\u00e9s par votre browser web.<\/p>\n<h3 style=\"margin-top: 40px;\"><b><\/b><b>II. Quels cookies utilisons-nous\u00a0?<br \/><\/b><\/h3>\n<p style=\"margin-top: 24px;\">Il existe diff\u00e9rents types de cookies, en fonction de leur finalit\u00e9, de leur \u00e9ch\u00e9ance et de leur provenance.<\/p>\n<p>IP Porta n\u2019utilise que les cookies strictement n\u00e9cessaires pour assurer le bon fonctionnement de son site web. Il n\u2019est pas possible de refuser ces cookies si vous souhaitez visiter notre site web. Ces cookies sont plac\u00e9s d\u00e8s que vous acc\u00e9dez \u00e0 notre site web. En raison de leur n\u00e9cessit\u00e9 technique, nous devons seulement vous en informer et n'avons pas besoin de votre consentement.<\/p>\n<h3 style=\"margin-top: 40px;\"><b><\/b><b>III. Comment le visiteur peut-il d\u00e9couvrir quels cookies sont stock\u00e9s sur son ordinateur ou son appareil mobile et comment peut-il supprimer ces cookies ?<br \/><\/b><\/h3>\n<p style=\"margin-top: 24px;\">Tous les browsers courants vous permettent de v\u00e9rifier ou d\u2019indiquer dans les param\u00e8tres ou les options quels cookies vous autorisez. Si vous ne trouvez pas ces param\u00e8tres, vous pouvez consulter la fonction d\u2019aide de votre browser.<\/p>\n<p>Votre browser vous permet de consulter et de supprimer les cookies actuellement pr\u00e9sents sur votre ordinateur et de choisir de ne pas les accepter \u00e0 l\u2019avenir.<\/p>\n\t<\/div>\r\n<\/div>\r\n\r\n\r\n\r\n\n\t\t\t<\/div> \n\t\t<\/div>\n\t<\/div> \n\n\t<div  class=\"vc_col-sm-4 wpb_column column_container vc_column_container col no-extra-padding inherit_tablet inherit_phone\"  data-padding-pos=\"all\" data-has-bg-color=\"false\" data-bg-color=\"\" data-bg-opacity=\"1\" data-animation=\"\" data-delay=\"0\" >\n\t\t<div class=\"vc_column-inner\" >\n\t\t\t<div class=\"wpb_wrapper\">\n\t\t\t\t\n\t\t\t<\/div> \n\t\t<\/div>\n\t<\/div> \n<\/div><\/div>\r\n\t\t<div id=\"fws_69d28af6b445a\"  data-column-margin=\"default\" data-midnight=\"dark\"  class=\"wpb_row vc_row-fluid vc_row  mobile-overflow-scroll\"  style=\"padding-top: 0px; padding-bottom: 0px; \"><div class=\"row-bg-wrap\" data-bg-animation=\"none\" data-bg-overlay=\"false\"><div class=\"inner-wrap\"><div class=\"row-bg\"  style=\"\"><\/div><\/div><\/div><div class=\"row_col_wrap_12 col span_12 dark left\">\n\t<div  class=\"vc_col-sm-12 mobile-overflow-scroll wpb_column column_container vc_column_container col no-extra-padding inherit_tablet inherit_phone\"  data-padding-pos=\"all\" data-has-bg-color=\"false\" data-bg-color=\"\" data-bg-opacity=\"1\" data-animation=\"\" data-delay=\"0\" >\n\t\t<div class=\"vc_column-inner\" >\n\t\t\t<div class=\"wpb_wrapper\">\n\t\t\t\t\n\t<div class=\"wpb_raw_code wpb_content_element wpb_raw_html\" >\n\t\t<div class=\"wpb_wrapper\">\n\t\t\t<div class=\"table-container\" style=\"overflow:scroll !important;\">\n<style type=\"text\/css\">\n.table-container {\nmax-width:100%;\n}\n.table-container::after{\n  content:'';\n  display:block;\n  position:absolute;\n  top:0;\n  bottom:0;\n  right:0;\n  width:100px;\n  background: -moz-linear-gradient(left, rgba(255,255,255,0) 0%, rgba(255,255,255,.8) 100%); \/* FF3.6-15 *\/\n  background: -webkit-linear-gradient(left, rgba(255,255,255,0) 0%,rgba(255,255,255,.8) 100%); \/* Chrome10-25,Safari5.1-6 *\/\n  background: linear-gradient(to right, rgba(255,255,255,0) 0%,rgba(255,255,255,.8) 100%); \/* W3C, IE10+, FF16+, Chrome26+, Opera12+, Safari7+ *\/\n  filter: progid:DXImageTransform.Microsoft.gradient( startColorstr='#00ffffff', endColorstr='#ffffff',GradientType=1 ); \/* IE6-9 *\/\n}\n.tg  {border-collapse:collapse;border-spacing:0;}\n.tg td{border-color:black;border-style:solid;border-width:1px;font-family:Arial, sans-serif;font-size:14px;\n  overflow:hidden;padding:10px 5px;word-break:normal;}\n.tg th{border-color:black;border-style:solid;border-width:1px;font-family:Arial, sans-serif;font-size:14px;\n  font-weight:normal;overflow:hidden;padding:10px 5px;word-break:normal;}\n.tg .tg-baqh{text-align:center;vertical-align:top}\n.tg .tg-amwm{font-weight:bold;text-align:center;vertical-align:top}\n<\/style>\n<table class=\"tg\" style=\"undefined;table-layout: fixed; width: 1068px\">\n<colgroup>\n<col style=\"width: 481px\">\n<col style=\"width: 172px\">\n<col style=\"width: 169px\">\n<col style=\"width: 246px\">\n<\/colgroup>\n<thead>\n  <tr>\n    <th class=\"tg-amwm\">Nom<\/th>\n    <th class=\"tg-amwm\">Dur\u00e9e<\/th>\n    <th class=\"tg-amwm\">Contenu<\/th>\n    <th class=\"tg-amwm\">L'utilit\u00e9<\/th>\n  <\/tr>\n<\/thead>\n<tbody>\n  <tr>\n    <td class=\"tg-baqh\">cookieconsent_status<\/td>\n    <td class=\"tg-baqh\">Ce cookie expire apr\u00e8s 12 mois.<\/td>\n    <td class=\"tg-baqh\">WordPress<\/td>\n    <td class=\"tg-baqh\">Ce cookie se souvient si vous avez accept\u00e9 les cookies d'analyse.<\/td>\n  <\/tr>\n  <tr>\n    <td class=\"tg-baqh\">wordpress_d186854d4195b9362e1ee50dc7d507fe<\/td>\n    <td class=\"tg-baqh\">Lorsque la session de navigation se termine<\/td>\n    <td class=\"tg-baqh\"><span style=\"font-weight:400;font-style:normal\">WordPress<\/span><\/td>\n    <td class=\"tg-baqh\">Pour stocker vos informations d'authentification<\/td>\n  <\/tr>\n  <tr>\n    <td class=\"tg-baqh\">wordpress_logged_in_d186854d4195b9362e1ee50dc7d507fe<\/td>\n    <td class=\"tg-baqh\">Lorsque la session de navigation se termine<\/td>\n    <td class=\"tg-baqh\">WordPress<\/td>\n    <td class=\"tg-baqh\">Indique quand vous \u00eates connect\u00e9 et qui vous \u00eates pour la plupart des utilisations de l'interface.<\/td>\n  <\/tr>\n  <tr>\n    <td class=\"tg-baqh\">wordpress_test_cookie<\/td>\n    <td class=\"tg-baqh\">Lorsque la session de navigation se termine<\/td>\n    <td class=\"tg-baqh\">WordPress<\/td>\n    <td class=\"tg-baqh\">WordPress d\u00e9finit un cookie de test pour chaque visiteur afin de v\u00e9rifier si le navigateur accepte les cookies.<\/td>\n  <\/tr>\n  <tr>\n    <td class=\"tg-baqh\">wp-settings-1<\/td>\n    <td class=\"tg-baqh\">Ce cookie expire apr\u00e8s 12 mois.<\/td>\n    <td class=\"tg-baqh\">WordPress<\/td>\n    <td class=\"tg-baqh\">Le num\u00e9ro \u00e0 la fin est votre ID utilisateur individuel de la table de base de donn\u00e9es des utilisateurs. Ceci est utilis\u00e9 pour personnaliser votre vue de l'interface d'administration, et \u00e9ventuellement aussi l'interface principale du site.<\/td>\n  <\/tr>\n  <tr>\n    <td class=\"tg-baqh\">wp-settings-time-1<\/td>\n    <td class=\"tg-baqh\">Ce cookie expire apr\u00e8s 12 mois.<\/td>\n    <td class=\"tg-baqh\">WordPress<\/td>\n    <td class=\"tg-baqh\"><span style=\"font-weight:400;font-style:normal\">Le num\u00e9ro \u00e0 la fin est votre ID utilisateur individuel de la table de base de donn\u00e9es des utilisateurs. Ceci est utilis\u00e9 pour personnaliser votre vue de l'interface d'administration, et \u00e9ventuellement aussi l'interface principale du site.<\/span><\/td>\n  <\/tr>\n<\/tbody>\n<\/table>\n<\/div>\n\t\t<\/div>\n\t<\/div>\n\n\t\t\t<\/div> \n\t\t<\/div>\n\t<\/div> \n<\/div><\/div>\r\n\t\t<div id=\"fws_69d28af6c662d\"  data-column-margin=\"default\" data-midnight=\"dark\"  class=\"wpb_row vc_row-fluid vc_row\"  style=\"padding-top: 0px; padding-bottom: 0px; \"><div class=\"row-bg-wrap\" data-bg-animation=\"none\" data-bg-overlay=\"false\"><div class=\"inner-wrap\"><div class=\"row-bg\"  style=\"\"><\/div><\/div><\/div><div class=\"row_col_wrap_12 col span_12 dark left\">\n\t<div  class=\"vc_col-sm-8 wpb_column column_container vc_column_container col no-extra-padding inherit_tablet inherit_phone\"  data-padding-pos=\"all\" data-has-bg-color=\"false\" data-bg-color=\"\" data-bg-opacity=\"1\" data-animation=\"\" data-delay=\"0\" >\n\t\t<div class=\"vc_column-inner\" >\n\t\t\t<div class=\"wpb_wrapper\">\n\t\t\t\t\r\n<div class=\"wpb_text_column wpb_content_element\" >\r\n\t<div class=\"wpb_wrapper\">\r\n\t\t<h3 style=\"margin-top: 40px;\">IV. Questions ?<\/h3>\n<p style=\"margin-top: 24px;\">Si vous avez des questions ou des commentaires sur notre utilisation des cookies, veuillez nous contacter\u00a0:<\/p>\n<p>E-mail: <a href=\"mailto:info@ipporta.be\">info@ipporta.be<\/a><br \/>Num\u00e9ro <a href=\"tel:093241540\">09\/324.15.40<\/a><\/p>\n<p>Version 03\/01\/2022<\/p>\n\t<\/div>\r\n<\/div>\r\n\r\n\r\n\r\n\n\t\t\t<\/div> \n\t\t<\/div>\n\t<\/div> \n\n\t<div  class=\"vc_col-sm-4 wpb_column column_container vc_column_container col no-extra-padding inherit_tablet inherit_phone\"  data-padding-pos=\"all\" data-has-bg-color=\"false\" data-bg-color=\"\" data-bg-opacity=\"1\" data-animation=\"\" data-delay=\"0\" >\n\t\t<div class=\"vc_column-inner\" >\n\t\t\t<div class=\"wpb_wrapper\">\n\t\t\t\t\n\t\t\t<\/div> \n\t\t<\/div>\n\t<\/div> \n<\/div><\/div>\r\n\t\t<div id=\"fws_69d28af6c68ae\"  data-column-margin=\"default\" data-midnight=\"dark\" data-top-percent=\"4%\"  class=\"wpb_row vc_row-fluid vc_row\"  style=\"padding-top: calc(100vw * 0.04); padding-bottom: 0px; \"><div class=\"row-bg-wrap\" data-bg-animation=\"none\" data-bg-overlay=\"false\"><div class=\"inner-wrap\"><div class=\"row-bg\"  style=\"\"><\/div><\/div><\/div><div class=\"row_col_wrap_12 col span_12 dark left\">\n\t<div  class=\"vc_col-sm-12 wpb_column column_container vc_column_container col no-extra-padding inherit_tablet inherit_phone\"  data-padding-pos=\"all\" data-has-bg-color=\"false\" data-bg-color=\"\" data-bg-opacity=\"1\" data-animation=\"\" data-delay=\"0\" >\n\t\t<div class=\"vc_column-inner\" >\n\t\t\t<div class=\"wpb_wrapper\">\n\t\t\t\t<div class=\"divider-wrap\" data-alignment=\"default\"><div style=\"margin-top: 4px; height: 3px; margin-bottom: 4px;\" data-width=\"100%\" data-animate=\"yes\" data-animation-delay=\"\" data-color=\"extra-color-2\" class=\"divider-border\"><\/div><\/div>\n\t\t\t<\/div> \n\t\t<\/div>\n\t<\/div> \n<\/div><\/div>","protected":false},"excerpt":{"rendered":"Cookiebeleid De eigenaar van deze website is de burgerlijke maatschap Ongena-Hubert, die de naam IP Porta voert: IP PortaKortrijksesteenweg 127 bus 2BE-9830 Sint-Martens-LatemBE0829.555.975RPR\/RPM Gent Hierna verwijzen we naar IP Porta...","protected":false},"author":1,"featured_media":0,"parent":0,"menu_order":0,"comment_status":"closed","ping_status":"closed","template":"","meta":{"footnotes":""},"class_list":["post-455","page","type-page","status-publish"],"yoast_head":"<!-- This site is optimized with the Yoast SEO plugin v23.0 - https:\/\/yoast.com\/wordpress\/plugins\/seo\/ -->\n<title>Cookie Policy - IP Porta Advocaten Gent<\/title>\n<meta name=\"description\" content=\"We doen waar we echt goed in zijn: intellectuele eigendomsrechten (IP), technologie en media &amp; entertainment. Ontdek meer!\" \/>\n<meta name=\"robots\" content=\"noindex, follow\" \/>\n<meta property=\"og:locale\" content=\"fr_FR\" \/>\n<meta property=\"og:type\" content=\"article\" \/>\n<meta property=\"og:title\" content=\"Cookie Policy - IP Porta Advocaten Gent\" \/>\n<meta property=\"og:description\" content=\"We doen waar we echt goed in zijn: intellectuele eigendomsrechten (IP), technologie en media &amp; entertainment. Ontdek meer!\" \/>\n<meta property=\"og:url\" content=\"https:\/\/ipporta.be\/fr\/cookie-policy\/\" \/>\n<meta property=\"og:site_name\" content=\"IP Porta\" \/>\n<meta property=\"article:modified_time\" content=\"2022-01-20T12:02:24+00:00\" \/>\n<meta name=\"twitter:card\" content=\"summary_large_image\" \/>\n<meta name=\"twitter:label1\" content=\"Dur\u00e9e de lecture est.\" \/>\n\t<meta name=\"twitter:data1\" content=\"9 minutes\" \/>\n<script type=\"application\/ld+json\" class=\"yoast-schema-graph\">{\"@context\":\"https:\/\/schema.org\",\"@graph\":[{\"@type\":\"WebPage\",\"@id\":\"https:\/\/ipporta.be\/fr\/cookie-policy\/\",\"url\":\"https:\/\/ipporta.be\/fr\/cookie-policy\/\",\"name\":\"Cookie Policy - IP Porta Advocaten Gent\",\"isPartOf\":{\"@id\":\"https:\/\/ipporta.be\/#website\"},\"datePublished\":\"2022-01-03T12:52:25+00:00\",\"dateModified\":\"2022-01-20T12:02:24+00:00\",\"description\":\"We doen waar we echt goed in zijn: intellectuele eigendomsrechten (IP), technologie en media & entertainment. Ontdek meer!\",\"breadcrumb\":{\"@id\":\"https:\/\/ipporta.be\/fr\/cookie-policy\/#breadcrumb\"},\"inLanguage\":\"fr-BE\",\"potentialAction\":[{\"@type\":\"ReadAction\",\"target\":[\"https:\/\/ipporta.be\/fr\/cookie-policy\/\"]}]},{\"@type\":\"BreadcrumbList\",\"@id\":\"https:\/\/ipporta.be\/fr\/cookie-policy\/#breadcrumb\",\"itemListElement\":[{\"@type\":\"ListItem\",\"position\":1,\"name\":\"Home\",\"item\":\"https:\/\/ipporta.be\/\"},{\"@type\":\"ListItem\",\"position\":2,\"name\":\"Cookie Policy\"}]},{\"@type\":\"WebSite\",\"@id\":\"https:\/\/ipporta.be\/#website\",\"url\":\"https:\/\/ipporta.be\/\",\"name\":\"IP Porta\",\"description\":\"IP Porta verzoent expertise met toegankelijkheid\",\"potentialAction\":[{\"@type\":\"SearchAction\",\"target\":{\"@type\":\"EntryPoint\",\"urlTemplate\":\"https:\/\/ipporta.be\/?s={search_term_string}\"},\"query-input\":\"required name=search_term_string\"}],\"inLanguage\":\"fr-BE\"}]}<\/script>\n<!-- \/ Yoast SEO plugin. -->","yoast_head_json":{"title":"Cookie Policy - IP Porta Advocaten Gent","description":"We doen waar we echt goed in zijn: intellectuele eigendomsrechten (IP), technologie en media & entertainment. Ontdek meer!","robots":{"index":"noindex","follow":"follow"},"og_locale":"fr_FR","og_type":"article","og_title":"Cookie Policy - IP Porta Advocaten Gent","og_description":"We doen waar we echt goed in zijn: intellectuele eigendomsrechten (IP), technologie en media & entertainment. Ontdek meer!","og_url":"https:\/\/ipporta.be\/fr\/cookie-policy\/","og_site_name":"IP Porta","article_modified_time":"2022-01-20T12:02:24+00:00","twitter_card":"summary_large_image","twitter_misc":{"Dur\u00e9e de lecture est.":"9 minutes"},"schema":{"@context":"https:\/\/schema.org","@graph":[{"@type":"WebPage","@id":"https:\/\/ipporta.be\/fr\/cookie-policy\/","url":"https:\/\/ipporta.be\/fr\/cookie-policy\/","name":"Cookie Policy - IP Porta Advocaten Gent","isPartOf":{"@id":"https:\/\/ipporta.be\/#website"},"datePublished":"2022-01-03T12:52:25+00:00","dateModified":"2022-01-20T12:02:24+00:00","description":"We doen waar we echt goed in zijn: intellectuele eigendomsrechten (IP), technologie en media & entertainment. Ontdek meer!","breadcrumb":{"@id":"https:\/\/ipporta.be\/fr\/cookie-policy\/#breadcrumb"},"inLanguage":"fr-BE","potentialAction":[{"@type":"ReadAction","target":["https:\/\/ipporta.be\/fr\/cookie-policy\/"]}]},{"@type":"BreadcrumbList","@id":"https:\/\/ipporta.be\/fr\/cookie-policy\/#breadcrumb","itemListElement":[{"@type":"ListItem","position":1,"name":"Home","item":"https:\/\/ipporta.be\/"},{"@type":"ListItem","position":2,"name":"Cookie Policy"}]},{"@type":"WebSite","@id":"https:\/\/ipporta.be\/#website","url":"https:\/\/ipporta.be\/","name":"IP Porta","description":"IP Porta verzoent expertise met toegankelijkheid","potentialAction":[{"@type":"SearchAction","target":{"@type":"EntryPoint","urlTemplate":"https:\/\/ipporta.be\/?s={search_term_string}"},"query-input":"required name=search_term_string"}],"inLanguage":"fr-BE"}]}},"_links":{"self":[{"href":"https:\/\/ipporta.be\/fr\/wp-json\/wp\/v2\/pages\/455","targetHints":{"allow":["GET"]}}],"collection":[{"href":"https:\/\/ipporta.be\/fr\/wp-json\/wp\/v2\/pages"}],"about":[{"href":"https:\/\/ipporta.be\/fr\/wp-json\/wp\/v2\/types\/page"}],"author":[{"embeddable":true,"href":"https:\/\/ipporta.be\/fr\/wp-json\/wp\/v2\/users\/1"}],"replies":[{"embeddable":true,"href":"https:\/\/ipporta.be\/fr\/wp-json\/wp\/v2\/comments?post=455"}],"version-history":[{"count":15,"href":"https:\/\/ipporta.be\/fr\/wp-json\/wp\/v2\/pages\/455\/revisions"}],"predecessor-version":[{"id":600,"href":"https:\/\/ipporta.be\/fr\/wp-json\/wp\/v2\/pages\/455\/revisions\/600"}],"wp:attachment":[{"href":"https:\/\/ipporta.be\/fr\/wp-json\/wp\/v2\/media?parent=455"}],"curies":[{"name":"wp","href":"https:\/\/api.w.org\/{rel}","templated":true}]}}