{"id":323,"date":"2021-12-28T11:01:54","date_gmt":"2021-12-28T10:01:54","guid":{"rendered":"https:\/\/ipporta.be\/?page_id=323"},"modified":"2022-03-02T11:26:47","modified_gmt":"2022-03-02T10:26:47","slug":"gebruiksvoorwaarden","status":"publish","type":"page","link":"https:\/\/ipporta.be\/fr\/gebruiksvoorwaarden\/","title":{"rendered":"Conditions d'utilisation"},"content":{"rendered":"<div id=\"fws_69e793d7a94cf\"  data-column-margin=\"default\" data-midnight=\"dark\"  class=\"wpb_row vc_row-fluid vc_row\"  style=\"padding-top: 0px; padding-bottom: 0px; \"><div class=\"row-bg-wrap\" data-bg-animation=\"none\" data-bg-overlay=\"false\"><div class=\"inner-wrap\"><div class=\"row-bg\"  style=\"\"><\/div><\/div><\/div><div class=\"row_col_wrap_12 col span_12 dark left\">\n\t<div  class=\"vc_col-sm-8 wpb_column column_container vc_column_container col no-extra-padding inherit_tablet inherit_phone\"  data-padding-pos=\"all\" data-has-bg-color=\"false\" data-bg-color=\"\" data-bg-opacity=\"1\" data-animation=\"\" data-delay=\"0\" >\n\t\t<div class=\"vc_column-inner\" >\n\t\t\t<div class=\"wpb_wrapper\">\n\t\t\t\t\r\n<div class=\"wpb_text_column wpb_content_element\" >\r\n\t<div class=\"wpb_wrapper\">\r\n\t\t<h1 class=\"wp-block-heading\" style=\"margin-top: 40px;\">Conditions d'utilisation<\/h1>\n<p class=\"p3\" style=\"margin-top: 80px;\">Ce site web est la propri\u00e9t\u00e9 en enti\u00e8re de la soci\u00e9t\u00e9 sans personnalit\u00e9 juridique Ongena-Hubert, d\u00e9nomm\u00e9e IP Porta\u00a0:<\/p>\n<p class=\"p5\"><b>IP Porta<span class=\"Apple-converted-space\"><br \/><\/span><\/b>Kortrijksesteenweg 127 bus 2<br \/>BE-9830 Sint-Martens-Latem<span class=\"Apple-converted-space\"><br \/><\/span>BE0829.555.975<br \/>RPR\/RPM Gent<\/p>\n<p class=\"p3\">En utilisant ce site web, vous vous d\u00e9clarez express\u00e9ment \u00eatre accord avec les conditions d'utilisation suivantes.<\/p>\n<h3 style=\"margin-top: 40px;\"><span class=\"s1\"><b>I. Droits de propri\u00e9t\u00e9 intellectuelle<br \/><\/b><\/span><\/h3>\n<p style=\"margin-top: 24px;\">Le contenu de ce site web, y compris les marques, logos, dessins, donn\u00e9es, noms de produit ou d\u2019entreprise, textes, images, etc. est prot\u00e9g\u00e9 par des droits de propri\u00e9t\u00e9 intellectuelle et est la propri\u00e9t\u00e9 en enti\u00e8re de IP Porta ou des tiers ayants-droits.<\/p>\n<h3 style=\"margin-top: 40px;\"><b><\/b><span class=\"s1\"><b>II. Limitation de responsabilit\u00e9<br \/><\/b><\/span><\/h3>\n<p style=\"margin-top: 24px;\">Les informations contenues dans ce site web sont de nature g\u00e9n\u00e9rale. Les informations ne sont adapt\u00e9es \u00e0 des circonstances personnelles ou sp\u00e9cifiques, et ne peuvent d\u00e8s lors \u00eatre consid\u00e9r\u00e9es comme une source des conseils personnels, professionnels ou juridiques \u00e0 l\u2019utilisateur dudit site web.<\/p>\n<p>IP Porta fait des efforts consid\u00e9rables afin que les informations mises \u00e0 disposition soient compl\u00e8tes, correctes, pr\u00e9cises et mises \u00e0 jour. N\u00e9anmoins, en d\u00e9pit de nos efforts, il se peut que des inexactitudes se pr\u00e9sentent dans les informations affich\u00e9es. Au cas o\u00f9 le site web contiendrait des informations inexactes ou si certaines informations s'av\u00e9reraient indisponibles sur ou par l\u2019interm\u00e9diaire du site web, IP Porta fera les efforts les plus importants afin de rectifier de tels d\u00e9sagr\u00e9ments.<\/p>\n<p>N\u00e9anmoins IP Porta ne peut \u00eatre tenu responsable pour un pr\u00e9judice quelconque, direct ou indirect, r\u00e9sultant de l\u2019utilisation des informations sur ce site web.<\/p>\n<p>Si vous tomberiez sur des inexactitudes dans les informations mises \u00e0 disposition par l\u2019interm\u00e9diaire du site, vous pouvez nous contacter.<\/p>\n<p>Le contenu de ce site web (y compris les liens) peut \u00eatre modifi\u00e9 ou compl\u00e9t\u00e9 \u00e0 tout moment et ce sans annonce ou avis pr\u00e9alable. IP Porta ne fournit aucune garantie concernant le bon fonctionnement du site web et ne peut \u00eatre aucunement tenu responsable pour le mauvais fonctionnement ou l\u2019(in)disponibilit\u00e9 temporaire du site web, ni pour tout pr\u00e9judice d\u00e9coulant, directement ou indirectement, de l\u2019acc\u00e8s au ou de l\u2019utilisation du site web.<\/p>\n<p>IP Porta ne peut \u00eatre tenu directement ou indirectement et de quelconque fa\u00e7on, responsable, envers qui que ce soit, pour un pr\u00e9judice r\u00e9sultant de l\u2019utilisation de ce site web ou de tout autre site web, en particulier ceux acc\u00e9d\u00e9s par l\u2019interm\u00e9diaire d\u2019un (hyper)lien, y compris mais sans y \u00eatre limit\u00e9, tout(es) pertes, arr\u00eat de travail, dommage au programmes ou autre donn\u00e9es quelconques du syst\u00e8me informatique, aux appareils, logiciels ou autres de l'utilisateur.<\/p>\n<p>Ce site web peut contenir des hyperliens vers d\u2019autres sites web ou pages web appartenant \u00e0 un tiers, ainsi que r\u00e9f\u00e9rer indirectement \u00e0 de tel sites web ou pages web. Le placement d\u2019un lien vers ces sites ou pages n\u2019implique d\u2019une quelconque mani\u00e8re l\u2019approbation (implicite) du contenu de ceux-ci. IP Porta d\u00e9clare express\u00e9ment ne pas disposer d\u2019un contr\u00f4le quelconque sur le contenu ou d'autres caract\u00e9ristiques desdits sites et pages, et ne peut en aucun cas \u00eatre tenu responsable pour ce contenu ou ces caract\u00e9ristiques ni pour un pr\u00e9judice quelconque d\u00e9coulant de l\u2019utilisation de ces derniers.<\/p>\n<h3 style=\"margin-top: 40px;\"><b><\/b><span class=\"s1\"><b>III. Loi applicable et tribunal comp\u00e9tent<\/b><\/span><\/h3>\n<p class=\"p3\" style=\"margin-top: 24px;\">Ce site web, y compris les pr\u00e9sentes mentions l\u00e9gales, est conforme au droit belge. Seuls les tribunaux de l\u2019arrondissement de Gand sont comp\u00e9tents pour les litiges \u00e9ventuels relatifs au site web.<\/p>\n\t<\/div>\r\n<\/div>\r\n\r\n\r\n\r\n\n\t\t\t<\/div> \n\t\t<\/div>\n\t<\/div> \n\n\t<div  class=\"vc_col-sm-4 wpb_column column_container vc_column_container col no-extra-padding inherit_tablet inherit_phone\"  data-padding-pos=\"all\" data-has-bg-color=\"false\" data-bg-color=\"\" data-bg-opacity=\"1\" data-animation=\"\" data-delay=\"0\" >\n\t\t<div class=\"vc_column-inner\" >\n\t\t\t<div class=\"wpb_wrapper\">\n\t\t\t\t\n\t\t\t<\/div> \n\t\t<\/div>\n\t<\/div> \n<\/div><\/div>\r\n\t\t<div id=\"fws_69e793d7aa12f\"  data-column-margin=\"default\" data-midnight=\"dark\" data-top-percent=\"4%\"  class=\"wpb_row vc_row-fluid vc_row\"  style=\"padding-top: calc(100vw * 0.04); padding-bottom: 0px; \"><div class=\"row-bg-wrap\" data-bg-animation=\"none\" data-bg-overlay=\"false\"><div class=\"inner-wrap\"><div class=\"row-bg\"  style=\"\"><\/div><\/div><\/div><div class=\"row_col_wrap_12 col span_12 dark left\">\n\t<div  class=\"vc_col-sm-12 wpb_column column_container vc_column_container col no-extra-padding inherit_tablet inherit_phone\"  data-padding-pos=\"all\" data-has-bg-color=\"false\" data-bg-color=\"\" data-bg-opacity=\"1\" data-animation=\"\" data-delay=\"0\" >\n\t\t<div class=\"vc_column-inner\" >\n\t\t\t<div class=\"wpb_wrapper\">\n\t\t\t\t<div class=\"divider-wrap\" data-alignment=\"default\"><div style=\"margin-top: 4px; height: 3px; margin-bottom: 4px;\" data-width=\"100%\" data-animate=\"yes\" data-animation-delay=\"\" data-color=\"extra-color-2\" class=\"divider-border\"><\/div><\/div>\n\t\t\t<\/div> \n\t\t<\/div>\n\t<\/div> \n<\/div><\/div>","protected":false},"excerpt":{"rendered":"Gebruiksvoorwaarden Deze website is eigendom van de burgerlijke maatschap Ongena-Hubert, die de naam IP Porta voert: IP PortaKortrijksesteenweg 127 bus 2BE-9830 Sint-Martens-LatemBE0829.555.975RPR\/RPM Gent Door het gebruik van de website verklaart...","protected":false},"author":1,"featured_media":0,"parent":0,"menu_order":0,"comment_status":"closed","ping_status":"closed","template":"","meta":{"footnotes":""},"class_list":["post-323","page","type-page","status-publish"],"yoast_head":"<!-- This site is optimized with the Yoast SEO plugin v23.0 - https:\/\/yoast.com\/wordpress\/plugins\/seo\/ -->\n<title>Gebruiksvoorwaarden - IP Porta Advocaten in Gent<\/title>\n<meta name=\"description\" content=\"De inhoud van deze site zijn beschermd door intellectuele rechten en behoren toe aan IP Porta of rechthoudende derden.\" \/>\n<meta name=\"robots\" content=\"noindex, follow\" \/>\n<meta property=\"og:locale\" content=\"fr_FR\" \/>\n<meta property=\"og:type\" content=\"article\" \/>\n<meta property=\"og:title\" content=\"Gebruiksvoorwaarden - IP Porta Advocaten in Gent\" \/>\n<meta property=\"og:description\" content=\"De inhoud van deze site zijn beschermd door intellectuele rechten en behoren toe aan IP Porta of rechthoudende derden.\" \/>\n<meta property=\"og:url\" content=\"https:\/\/ipporta.be\/fr\/gebruiksvoorwaarden\/\" \/>\n<meta property=\"og:site_name\" content=\"IP Porta\" \/>\n<meta property=\"article:modified_time\" content=\"2022-03-02T10:26:47+00:00\" \/>\n<meta name=\"twitter:card\" content=\"summary_large_image\" \/>\n<meta name=\"twitter:label1\" content=\"Dur\u00e9e de lecture est.\" \/>\n\t<meta name=\"twitter:data1\" content=\"3 minutes\" \/>\n<script type=\"application\/ld+json\" class=\"yoast-schema-graph\">{\"@context\":\"https:\/\/schema.org\",\"@graph\":[{\"@type\":\"WebPage\",\"@id\":\"https:\/\/ipporta.be\/gebruiksvoorwaarden\/\",\"url\":\"https:\/\/ipporta.be\/gebruiksvoorwaarden\/\",\"name\":\"Gebruiksvoorwaarden - IP Porta Advocaten in Gent\",\"isPartOf\":{\"@id\":\"https:\/\/ipporta.be\/#website\"},\"datePublished\":\"2021-12-28T10:01:54+00:00\",\"dateModified\":\"2022-03-02T10:26:47+00:00\",\"description\":\"De inhoud van deze site zijn beschermd door intellectuele rechten en behoren toe aan IP Porta of rechthoudende derden.\",\"breadcrumb\":{\"@id\":\"https:\/\/ipporta.be\/gebruiksvoorwaarden\/#breadcrumb\"},\"inLanguage\":\"fr-BE\",\"potentialAction\":[{\"@type\":\"ReadAction\",\"target\":[\"https:\/\/ipporta.be\/gebruiksvoorwaarden\/\"]}]},{\"@type\":\"BreadcrumbList\",\"@id\":\"https:\/\/ipporta.be\/gebruiksvoorwaarden\/#breadcrumb\",\"itemListElement\":[{\"@type\":\"ListItem\",\"position\":1,\"name\":\"Home\",\"item\":\"https:\/\/ipporta.be\/\"},{\"@type\":\"ListItem\",\"position\":2,\"name\":\"Gebruiksvoorwaarden\"}]},{\"@type\":\"WebSite\",\"@id\":\"https:\/\/ipporta.be\/#website\",\"url\":\"https:\/\/ipporta.be\/\",\"name\":\"IP Porta\",\"description\":\"IP Porta verzoent expertise met toegankelijkheid\",\"potentialAction\":[{\"@type\":\"SearchAction\",\"target\":{\"@type\":\"EntryPoint\",\"urlTemplate\":\"https:\/\/ipporta.be\/?s={search_term_string}\"},\"query-input\":\"required name=search_term_string\"}],\"inLanguage\":\"fr-BE\"}]}<\/script>\n<!-- \/ Yoast SEO plugin. -->","yoast_head_json":{"title":"Gebruiksvoorwaarden - IP Porta Advocaten in Gent","description":"De inhoud van deze site zijn beschermd door intellectuele rechten en behoren toe aan IP Porta of rechthoudende derden.","robots":{"index":"noindex","follow":"follow"},"og_locale":"fr_FR","og_type":"article","og_title":"Gebruiksvoorwaarden - IP Porta Advocaten in Gent","og_description":"De inhoud van deze site zijn beschermd door intellectuele rechten en behoren toe aan IP Porta of rechthoudende derden.","og_url":"https:\/\/ipporta.be\/fr\/gebruiksvoorwaarden\/","og_site_name":"IP Porta","article_modified_time":"2022-03-02T10:26:47+00:00","twitter_card":"summary_large_image","twitter_misc":{"Dur\u00e9e de lecture est.":"3 minutes"},"schema":{"@context":"https:\/\/schema.org","@graph":[{"@type":"WebPage","@id":"https:\/\/ipporta.be\/gebruiksvoorwaarden\/","url":"https:\/\/ipporta.be\/gebruiksvoorwaarden\/","name":"Gebruiksvoorwaarden - IP Porta Advocaten in Gent","isPartOf":{"@id":"https:\/\/ipporta.be\/#website"},"datePublished":"2021-12-28T10:01:54+00:00","dateModified":"2022-03-02T10:26:47+00:00","description":"De inhoud van deze site zijn beschermd door intellectuele rechten en behoren toe aan IP Porta of rechthoudende derden.","breadcrumb":{"@id":"https:\/\/ipporta.be\/gebruiksvoorwaarden\/#breadcrumb"},"inLanguage":"fr-BE","potentialAction":[{"@type":"ReadAction","target":["https:\/\/ipporta.be\/gebruiksvoorwaarden\/"]}]},{"@type":"BreadcrumbList","@id":"https:\/\/ipporta.be\/gebruiksvoorwaarden\/#breadcrumb","itemListElement":[{"@type":"ListItem","position":1,"name":"Home","item":"https:\/\/ipporta.be\/"},{"@type":"ListItem","position":2,"name":"Gebruiksvoorwaarden"}]},{"@type":"WebSite","@id":"https:\/\/ipporta.be\/#website","url":"https:\/\/ipporta.be\/","name":"IP Porta","description":"IP Porta verzoent expertise met toegankelijkheid","potentialAction":[{"@type":"SearchAction","target":{"@type":"EntryPoint","urlTemplate":"https:\/\/ipporta.be\/?s={search_term_string}"},"query-input":"required name=search_term_string"}],"inLanguage":"fr-BE"}]}},"_links":{"self":[{"href":"https:\/\/ipporta.be\/fr\/wp-json\/wp\/v2\/pages\/323","targetHints":{"allow":["GET"]}}],"collection":[{"href":"https:\/\/ipporta.be\/fr\/wp-json\/wp\/v2\/pages"}],"about":[{"href":"https:\/\/ipporta.be\/fr\/wp-json\/wp\/v2\/types\/page"}],"author":[{"embeddable":true,"href":"https:\/\/ipporta.be\/fr\/wp-json\/wp\/v2\/users\/1"}],"replies":[{"embeddable":true,"href":"https:\/\/ipporta.be\/fr\/wp-json\/wp\/v2\/comments?post=323"}],"version-history":[{"count":8,"href":"https:\/\/ipporta.be\/fr\/wp-json\/wp\/v2\/pages\/323\/revisions"}],"predecessor-version":[{"id":619,"href":"https:\/\/ipporta.be\/fr\/wp-json\/wp\/v2\/pages\/323\/revisions\/619"}],"wp:attachment":[{"href":"https:\/\/ipporta.be\/fr\/wp-json\/wp\/v2\/media?parent=323"}],"curies":[{"name":"wp","href":"https:\/\/api.w.org\/{rel}","templated":true}]}}